{"id":528,"date":"2020-12-08T14:51:05","date_gmt":"2020-12-08T13:51:05","guid":{"rendered":"https:\/\/pecsivillamos.hu\/?page_id=528"},"modified":"2020-12-08T16:38:56","modified_gmt":"2020-12-08T15:38:56","slug":"villamos-pecsett-a-jelen","status":"publish","type":"page","link":"https:\/\/pecsivillamos.hu\/index.php\/villamos-pecsett-a-jelen\/","title":{"rendered":"Villamos P\u00e9csett &#8211; a jelen"},"content":{"rendered":"\n<p>2013. okt\u00f3ber 13-a \u00f3ta van \u00fajra villamos P\u00e9csett. Egyes\u00fclet\u00fcnk, a P\u00e9cs \u00e9s T\u00e9rs\u00e9ge K\u00f6z\u00f6ss\u00e9gi K\u00f6zleked\u00e9s\u00e9\u00e9rt Egyes\u00fclet 2009-ben az\u00e9rt alakult, hogy eml\u00e9ket \u00e1ll\u00edtson a p\u00e9csi villamos\u00fczem bez\u00e1r\u00e1s\u00e1nak 50. \u00e9vfordul\u00f3j\u00e1ra, ami 2010. augusztus 31-\u00e9n volt esed\u00e9kes. Er\u0151nk \u00e9s lehet\u0151s\u00e9geink ezt nem tett\u00e9k lehet\u0151v\u00e9, azonban 2012 \u00e9v v\u00e9g\u00e9n \u00fagy l\u00e1ttuk, hogy egy j\u00f3val nagyobb l\u00e9pt\u00e9k\u0171 esem\u00e9nyre k\u00e9pesek lehet\u00fcnk: 2013-ban volt 100 \u00e9ve, hogy megindult az els\u0151 villamos P\u00e9csett \u00e9s ha nagyon szorosan \u00e9s kisz\u00e1molva is, er\u0151nk\u00f6n fel\u00fcl teljes\u00edtve \u00e9s sok-sok t\u00e1mogat\u00e1ssal l\u00e9trej\u00f6tt a dolog \u00e9s m\u00e9lt\u00f3 eml\u00e9ket tudtunk \u00e1ll\u00edtani az egykori p\u00e9csi villamosnak.<\/p>\n\n\n\n<p>De honnan is \u00e9rkezett a villamos? <a href=\"\/honnan-jott-a-pecsi-villamos\">Itt<\/a> le\u00edrunk r\u00f3la mindent.<\/p>\n\n\n\n<h5 class=\"wp-block-heading\">N\u00e9h\u00e1ny \u00fajs\u00e1gcikk \u00e9s h\u00edr az \u00e9rkez\u00e9s\u00fcnkr\u0151l a teljess\u00e9g ig\u00e9nye n\u00e9lk\u00fcl:<\/h5>\n\n\n\n<p><a href=\"https:\/\/hvg.hu\/itthon\/20131020_megerkezett_a_villamos_pecsre\">https:\/\/hvg.hu\/itthon\/20131020_megerkezett_a_villamos_pecsre<\/a><\/p>\n\n\n\n<p><a href=\"https:\/\/iho.hu\/hirek\/ujra-villamos-pecsett-131020\">https:\/\/iho.hu\/hirek\/ujra-villamos-pecsett-131020<\/a><\/p>\n\n\n\n<p><a href=\"https:\/\/www.pecsma.hu\/pecs-aktual\/villamost-kapott-a-varos\/\">https:\/\/www.pecsma.hu\/pecs-aktual\/villamost-kapott-a-varos\/<\/a><\/p>\n\n\n\n<figure class=\"wp-block-embed-youtube wp-block-embed is-type-video is-provider-youtube wp-embed-aspect-16-9 wp-has-aspect-ratio\"><div class=\"wp-block-embed__wrapper\">\nhttps:\/\/youtu.be\/UeXkfSiZ_AQ\n<\/div><\/figure>\n\n\n\n<h5 class=\"wp-block-heading\">T\u00e1mogat\u00f3ink szint\u00e9n a teljess\u00e9g ig\u00e9nye n\u00e9lk\u00fcl:<\/h5>\n\n\n\n<p>Baranya Megyei Korm\u00e1nyhivatal \u00c9p\u00edt\u00e9s\u00fcgyi \u00e9s \u00d6r\u00f6ks\u00e9gv\u00e9delmi F\u0151oszt\u00e1ly<\/p>\n\n\n\n<p>BIOKOM Nonprofit Kft.<\/p>\n\n\n\n<p>KOZ\u00c1K-TRANS Kft.<\/p>\n\n\n\n<p>Magyar Villamosvas\u00fat-t\u00f6rt\u00e9neti Egyes\u00fclet \u00e9s tagjai<\/p>\n\n\n\n<p>NEOLIT Kft.<\/p>\n\n\n\n<p>Neon Paletta Kft. \u00e9s munkat\u00e1rsai<\/p>\n\n\n\n<p>P\u00e9cs Megyei Jog\u00fa V\u00e1ros \u00d6nkorm\u00e1nyzata<\/p>\n\n\n\n<p>T\u00fcke Busz Zrt.<\/p>\n","protected":false},"excerpt":{"rendered":"<p>2013. okt\u00f3ber 13-a \u00f3ta van \u00fajra villamos P\u00e9csett. Egyes\u00fclet\u00fcnk, a P\u00e9cs \u00e9s T\u00e9rs\u00e9ge K\u00f6z\u00f6ss\u00e9gi K\u00f6zleked\u00e9s\u00e9\u00e9rt Egyes\u00fclet 2009-ben az\u00e9rt alakult, hogy eml\u00e9ket \u00e1ll\u00edtson a p\u00e9csi villamos\u00fczem bez\u00e1r\u00e1s\u00e1nak 50. \u00e9vfordul\u00f3j\u00e1ra, ami 2010. augusztus 31-\u00e9n volt esed\u00e9kes. Er\u0151nk \u00e9s lehet\u0151s\u00e9geink ezt nem tett\u00e9k lehet\u0151v\u00e9, azonban 2012 \u00e9v v\u00e9g\u00e9n \u00fagy l\u00e1ttuk, hogy egy j\u00f3val nagyobb l\u00e9pt\u00e9k\u0171 esem\u00e9nyre k\u00e9pesek lehet\u00fcnk: &hellip; <\/p>\n<p class=\"link-more\"><a href=\"https:\/\/pecsivillamos.hu\/index.php\/villamos-pecsett-a-jelen\/\" class=\"more-link\"><span class=\"screen-reader-text\">&#8222;Villamos P\u00e9csett &#8211; a jelen&#8221;<\/span> b\u0151vebben<\/a><\/p>\n","protected":false},"author":1,"featured_media":0,"parent":0,"menu_order":0,"comment_status":"closed","ping_status":"closed","template":"","meta":{"footnotes":""},"class_list":["post-528","page","type-page","status-publish","hentry","entry"],"_links":{"self":[{"href":"https:\/\/pecsivillamos.hu\/index.php\/wp-json\/wp\/v2\/pages\/528","targetHints":{"allow":["GET"]}}],"collection":[{"href":"https:\/\/pecsivillamos.hu\/index.php\/wp-json\/wp\/v2\/pages"}],"about":[{"href":"https:\/\/pecsivillamos.hu\/index.php\/wp-json\/wp\/v2\/types\/page"}],"author":[{"embeddable":true,"href":"https:\/\/pecsivillamos.hu\/index.php\/wp-json\/wp\/v2\/users\/1"}],"replies":[{"embeddable":true,"href":"https:\/\/pecsivillamos.hu\/index.php\/wp-json\/wp\/v2\/comments?post=528"}],"version-history":[{"count":3,"href":"https:\/\/pecsivillamos.hu\/index.php\/wp-json\/wp\/v2\/pages\/528\/revisions"}],"predecessor-version":[{"id":540,"href":"https:\/\/pecsivillamos.hu\/index.php\/wp-json\/wp\/v2\/pages\/528\/revisions\/540"}],"wp:attachment":[{"href":"https:\/\/pecsivillamos.hu\/index.php\/wp-json\/wp\/v2\/media?parent=528"}],"curies":[{"name":"wp","href":"https:\/\/api.w.org\/{rel}","templated":true}]}}