{"id":527,"date":"2020-12-08T14:52:23","date_gmt":"2020-12-08T13:52:23","guid":{"rendered":"https:\/\/pecsivillamos.hu\/?page_id=527"},"modified":"2025-04-22T17:21:10","modified_gmt":"2025-04-22T17:21:10","slug":"villamos-pecsett","status":"publish","type":"page","link":"https:\/\/pecsivillamos.hu\/index.php\/villamos-pecsett\/","title":{"rendered":"Villamos P\u00e9csett"},"content":{"rendered":"<ul>\n<li><a href=\"https:\/\/pecsivillamos.hu\/index.php\/category\/tortenelem\/\">A m\u00falt (1890-1960)<\/a><\/li>\n<li><a href=\"https:\/\/pecsivillamos.hu\/index.php\/villamos-pecsett-miert-szunt-meg\/\">Mi\u00e9rt sz\u0171nt meg?<\/a><\/li>\n<li><a href=\"https:\/\/pecsivillamos.hu\/index.php\/villamos-pecsett-a-jelen\/\">A jelen (2013-2022)<\/a><\/li>\n<li><a href=\"https:\/\/pecsivillamos.hu\/index.php\/villamos-pecsett-a-jovo\/\">A j\u00f6v\u0151 (szerkeszt\u00e9s alatt)<\/a><\/li>\n<\/ul>\n","protected":false},"excerpt":{"rendered":"<p>A m\u00falt (1890-1960) Mi\u00e9rt sz\u0171nt meg? A jelen (2013-2022) A j\u00f6v\u0151 (szerkeszt\u00e9s alatt)<\/p>\n","protected":false},"author":1,"featured_media":0,"parent":0,"menu_order":0,"comment_status":"closed","ping_status":"closed","template":"","meta":{"footnotes":""},"class_list":["post-527","page","type-page","status-publish","hentry","entry"],"_links":{"self":[{"href":"https:\/\/pecsivillamos.hu\/index.php\/wp-json\/wp\/v2\/pages\/527","targetHints":{"allow":["GET"]}}],"collection":[{"href":"https:\/\/pecsivillamos.hu\/index.php\/wp-json\/wp\/v2\/pages"}],"about":[{"href":"https:\/\/pecsivillamos.hu\/index.php\/wp-json\/wp\/v2\/types\/page"}],"author":[{"embeddable":true,"href":"https:\/\/pecsivillamos.hu\/index.php\/wp-json\/wp\/v2\/users\/1"}],"replies":[{"embeddable":true,"href":"https:\/\/pecsivillamos.hu\/index.php\/wp-json\/wp\/v2\/comments?post=527"}],"version-history":[{"count":4,"href":"https:\/\/pecsivillamos.hu\/index.php\/wp-json\/wp\/v2\/pages\/527\/revisions"}],"predecessor-version":[{"id":597,"href":"https:\/\/pecsivillamos.hu\/index.php\/wp-json\/wp\/v2\/pages\/527\/revisions\/597"}],"wp:attachment":[{"href":"https:\/\/pecsivillamos.hu\/index.php\/wp-json\/wp\/v2\/media?parent=527"}],"curies":[{"name":"wp","href":"https:\/\/api.w.org\/{rel}","templated":true}]}}