{"id":11,"date":"2019-03-25T15:21:22","date_gmt":"2019-03-25T14:21:22","guid":{"rendered":"https:\/\/pecsivillamos.hu\/?page_id=11"},"modified":"2025-04-22T16:36:44","modified_gmt":"2025-04-22T16:36:44","slug":"kapcsolat","status":"publish","type":"page","link":"https:\/\/pecsivillamos.hu\/index.php\/kapcsolat\/","title":{"rendered":"R\u00f3lunk &#8211; kapcsolat"},"content":{"rendered":"\r\n<p><strong>P\u00e9cs \u00e9s T\u00e9rs\u00e9ge K\u00f6z\u00f6ss\u00e9gi K\u00f6zleked\u00e9s\u00e9\u00e9rt Egyes\u00fclet<\/strong><\/p>\r\n\r\n\r\n\r\n<ul class=\"wp-block-list\">\r\n<li>2024-ben megsz\u0171nt\u00fcnk, de az al\u00e1bbi el\u00e9rhet\u0151s\u00e9geink \u00e9lnek:\r\n<ul>\r\n<li><a href=\"https:\/\/www.facebook.com\/pecsivillamos\" target=\"_blank\" rel=\"noreferrer noopener\" aria-label=\" (\u00faj f\u00fcl\u00f6n nyitja meg)\">facebook.com\/pecsivillamos<\/a><\/li>\r\n\r\n\r\n\r\n<li><a href=\"mailto:info@ptke.hu\">info @ ptke.hu<\/a><\/li>\r\n\r\n\r\n\r\n<li>r\u00e9gi ad\u00f3sz\u00e1m: 18001594-1-02<\/li>\r\n<\/ul>\r\n<\/li>\r\n<\/ul>\r\n\r\n\r\n\r\n<p><strong>100 \u00e9ves a p\u00e9csi villamos &#8211; t\u00e1mogat\u00f3ink<\/strong><\/p>\r\n\r\n\r\n\r\n<ul class=\"wp-block-list\">\r\n<li>Magyar Villamosvas\u00fat-t\u00f6rt\u00e9neti Egyes\u00fclet (<a href=\"http:\/\/mavite.hu\" target=\"_blank\" rel=\"noreferrer noopener\" aria-label=\"MaViTE (\u00faj f\u00fcl\u00f6n nyitja meg)\">MaViTE<\/a>)<\/li>\r\n\r\n\r\n\r\n<li>P\u00e9cs Megyei Jog\u00fa V\u00e1ros \u00d6nkorm\u00e1nyzata<\/li>\r\n<\/ul>\r\n\r\n\r\n\r\n<div class=\"wp-block-columns has-2-columns is-layout-flex wp-container-core-columns-is-layout-9d6595d7 wp-block-columns-is-layout-flex\">\r\n<div class=\"wp-block-column is-layout-flow wp-block-column-is-layout-flow\">\r\n<div>\r\n<figure><img decoding=\"async\" style=\"height: 95px;\" src=\"https:\/\/pecsivillamos.hu\/wp-content\/uploads\/2019\/04\/emmi_color_cmyk__6_.jpg\" alt=\"\" \/><\/figure>\r\n<\/div>\r\n<\/div>\r\n\r\n\r\n\r\n<div class=\"wp-block-column is-layout-flow wp-block-column-is-layout-flow\">\r\n<div>\r\n<figure><img decoding=\"async\" style=\"height: 60px;\" src=\"https:\/\/pecsivillamos.hu\/wp-content\/uploads\/2019\/04\/emet__logo_fekvo_szines_rgb_png-1024x205.png\" alt=\"\" \/><\/figure>\r\n<\/div>\r\n<\/div>\r\n<\/div>\r\n\r\n\r\n\r\n<p><script type=\"text\/javascript\">\r\n\r\n  var _gaq = _gaq || [];\r\n  _gaq.push(['_setAccount', 'UA-46439144-1']);\r\n  _gaq.push(['_trackPageview']);\r\n \r\n  (function() {\r\n    var ga = document.createElement('script'); ga.type = 'text\/javascript'; ga.async = true;\r\n    ga.src = ('https:' == document.location.protocol ? 'https:\/\/ssl' : 'http:\/\/www') + '.google-analytics.com\/ga.js';\r\n    var s = document.getElementsByTagName('script')[0]; s.parentNode.insertBefore(ga, s);\r\n  })();\r\n \r\n<\/script> <a href=\"http:\/\/www.civil.kormany.hu\/web\/nea\" target=\"_blank\" rel=\"noopener noreferrer\"><img decoding=\"async\" style=\"height: 60px;\" src=\"http:\/\/civil.info.hu\/documents\/10179\/be43e0f6-0e3f-45e5-9f44-da44ad173475\" \/><\/a><\/p>\r\n\r\n\r\n\r\n<p>&nbsp;<\/p>\r\n\r\n<p>&nbsp;<\/p>","protected":false},"excerpt":{"rendered":"<p>P\u00e9cs \u00e9s T\u00e9rs\u00e9ge K\u00f6z\u00f6ss\u00e9gi K\u00f6zleked\u00e9s\u00e9\u00e9rt Egyes\u00fclet<\/p>\n","protected":false},"author":1,"featured_media":0,"parent":0,"menu_order":0,"comment_status":"closed","ping_status":"closed","template":"","meta":{"footnotes":""},"class_list":["post-11","page","type-page","status-publish","hentry","entry"],"_links":{"self":[{"href":"https:\/\/pecsivillamos.hu\/index.php\/wp-json\/wp\/v2\/pages\/11","targetHints":{"allow":["GET"]}}],"collection":[{"href":"https:\/\/pecsivillamos.hu\/index.php\/wp-json\/wp\/v2\/pages"}],"about":[{"href":"https:\/\/pecsivillamos.hu\/index.php\/wp-json\/wp\/v2\/types\/page"}],"author":[{"embeddable":true,"href":"https:\/\/pecsivillamos.hu\/index.php\/wp-json\/wp\/v2\/users\/1"}],"replies":[{"embeddable":true,"href":"https:\/\/pecsivillamos.hu\/index.php\/wp-json\/wp\/v2\/comments?post=11"}],"version-history":[{"count":24,"href":"https:\/\/pecsivillamos.hu\/index.php\/wp-json\/wp\/v2\/pages\/11\/revisions"}],"predecessor-version":[{"id":594,"href":"https:\/\/pecsivillamos.hu\/index.php\/wp-json\/wp\/v2\/pages\/11\/revisions\/594"}],"wp:attachment":[{"href":"https:\/\/pecsivillamos.hu\/index.php\/wp-json\/wp\/v2\/media?parent=11"}],"curies":[{"name":"wp","href":"https:\/\/api.w.org\/{rel}","templated":true}]}}